{"id":84,"date":"2017-05-16T09:22:14","date_gmt":"2017-05-16T07:22:14","guid":{"rendered":"http:\/\/www.altersresidenzverein.org\/?page_id=84"},"modified":"2018-09-26T12:58:13","modified_gmt":"2018-09-26T10:58:13","slug":"bewohner-einer-residenz","status":"publish","type":"page","link":"https:\/\/www.altersresidenzverein.org\/index.php\/bewohner-einer-residenz\/","title":{"rendered":"Bewohner einer Residenz"},"content":{"rendered":"<h1>Mit Gleichgesinnten in einer sozialen Gemeinschaft leben<\/h1>\n<p><span style=\"font-size: 12pt;\">Sie suchen Anschluss an eine soziale Wohngemeinschaft, die Ihnen bis ins hohe Alter hinein Lebensqualit\u00e4t bietet? Dann sind Sie hier richtig!<\/span><\/p>\n<p><span style=\"font-size: 12pt;\">Der Altersresidenzverein organisiert verschiedenste individuelle Wohnprojekte. Nicht nur \u201ewohnen\u201c, sondern auch aktiv am Leben in einer sozialen Gemeinschaft teilnehmen.<\/span><\/p>\n<p><span style=\"font-size: 12pt;\">Jede Wohngemeinschaft sucht passende Bewohner mit besonderen Eigenschaften und Einstellungen. Es geht darum, dass Gleichgesinnte zusammenkommen und eine Gemeinschaft gebildet wird, welche sich gegenseitige Unterst\u00fctzung bietet.<\/span><\/p>\n<p><span style=\"font-size: 12pt;\">Eine Verbesserung der Lebensqualit\u00e4t durch die sorgf\u00e4ltige Analyse Ihrer Bed\u00fcrfnisse und Vorstellungen.<\/span><br \/>\n<span style=\"font-size: 12pt;\"> Sie leben gemeinsam mit Gleichgesinnten in einer Umgebung die Ihren Vorstellungen entspricht.<\/span><\/p>\n<h2>Vorteile:<\/h2>\n<ul>\n<li><span style=\"font-size: 12pt;\">soziale Wohngemeinschaft mit Gleichgesinnten<\/span><\/li>\n<li><span style=\"font-size: 12pt;\">Lebensqualit\u00e4t durch aktive Teilnahme am gemeinschaftlichen Leben<\/span><\/li>\n<\/ul>\n<p>&nbsp;<\/p>\n<h2>Bewerben Sie sich:<\/h2>\n<p><span style=\"font-size: 12pt;\">Der Altersresidenzverein sucht Sie! Soziale Wohngemeinschaften suchen passende Bewohner.<\/span><\/p>\n<p><span style=\"font-size: 12pt;\">Damit Sie die richtigen Wohnprojekte vorgeschlagen bekommen ist es notwendig, dass Sie das BEWERBUNGSFORMULAR vollst\u00e4ndig und richtig ausf\u00fcllen.<\/span><\/p>\n<p><span style=\"font-size: 12pt;\">Nachdem Ihre Angaben gepr\u00fcft wurden erhalten Sie R\u00fcckmeldung vom Verein.<\/span><\/p>\n","protected":false},"excerpt":{"rendered":"<p>Mit Gleichgesinnten in einer sozialen Gemeinschaft leben Sie suchen Anschluss an eine soziale Wohngemeinschaft, die Ihnen bis ins hohe Alter hinein Lebensqualit\u00e4t bietet? Dann sind Sie hier richtig! Der Altersresidenzverein organisiert verschiedenste individuelle Wohnprojekte. Nicht&hellip;<\/p>\n","protected":false},"author":1,"featured_media":0,"parent":0,"menu_order":0,"comment_status":"closed","ping_status":"closed","template":"","meta":{"footnotes":""},"class_list":["post-84","page","type-page","status-publish","hentry"],"yoast_head":"<!-- This site is optimized with the Yoast SEO plugin v27.5 - https:\/\/yoast.com\/product\/yoast-seo-wordpress\/ -->\n<title>Bewohner einer Residenz - ARV<\/title>\n<meta name=\"robots\" content=\"index, follow, max-snippet:-1, max-image-preview:large, max-video-preview:-1\" \/>\n<link rel=\"canonical\" href=\"https:\/\/www.altersresidenzverein.org\/index.php\/bewohner-einer-residenz\/\" \/>\n<meta property=\"og:locale\" content=\"de_DE\" \/>\n<meta property=\"og:type\" content=\"article\" \/>\n<meta property=\"og:title\" content=\"Bewohner einer Residenz - ARV\" \/>\n<meta property=\"og:description\" content=\"Mit Gleichgesinnten in einer sozialen Gemeinschaft leben Sie suchen Anschluss an eine soziale Wohngemeinschaft, die Ihnen bis ins hohe Alter hinein Lebensqualit\u00e4t bietet? Dann sind Sie hier richtig! Der Altersresidenzverein organisiert verschiedenste individuelle Wohnprojekte. Nicht&hellip;\" \/>\n<meta property=\"og:url\" content=\"https:\/\/www.altersresidenzverein.org\/index.php\/bewohner-einer-residenz\/\" \/>\n<meta property=\"og:site_name\" content=\"ARV\" \/>\n<meta property=\"article:modified_time\" content=\"2018-09-26T10:58:13+00:00\" \/>\n<meta name=\"twitter:card\" content=\"summary_large_image\" \/>\n<meta name=\"twitter:label1\" content=\"Gesch\u00e4tzte Lesezeit\" \/>\n\t<meta name=\"twitter:data1\" content=\"1\u00a0Minute\" \/>\n<script type=\"application\/ld+json\" class=\"yoast-schema-graph\">{\"@context\":\"https:\\\/\\\/schema.org\",\"@graph\":[{\"@type\":\"WebPage\",\"@id\":\"https:\\\/\\\/www.altersresidenzverein.org\\\/index.php\\\/bewohner-einer-residenz\\\/\",\"url\":\"https:\\\/\\\/www.altersresidenzverein.org\\\/index.php\\\/bewohner-einer-residenz\\\/\",\"name\":\"Bewohner einer Residenz - ARV\",\"isPartOf\":{\"@id\":\"https:\\\/\\\/www.altersresidenzverein.org\\\/#website\"},\"datePublished\":\"2017-05-16T07:22:14+00:00\",\"dateModified\":\"2018-09-26T10:58:13+00:00\",\"breadcrumb\":{\"@id\":\"https:\\\/\\\/www.altersresidenzverein.org\\\/index.php\\\/bewohner-einer-residenz\\\/#breadcrumb\"},\"inLanguage\":\"de\",\"potentialAction\":[{\"@type\":\"ReadAction\",\"target\":[\"https:\\\/\\\/www.altersresidenzverein.org\\\/index.php\\\/bewohner-einer-residenz\\\/\"]}]},{\"@type\":\"BreadcrumbList\",\"@id\":\"https:\\\/\\\/www.altersresidenzverein.org\\\/index.php\\\/bewohner-einer-residenz\\\/#breadcrumb\",\"itemListElement\":[{\"@type\":\"ListItem\",\"position\":1,\"name\":\"Home\",\"item\":\"https:\\\/\\\/www.altersresidenzverein.org\\\/\"},{\"@type\":\"ListItem\",\"position\":2,\"name\":\"Bewohner einer Residenz\"}]},{\"@type\":\"WebSite\",\"@id\":\"https:\\\/\\\/www.altersresidenzverein.org\\\/#website\",\"url\":\"https:\\\/\\\/www.altersresidenzverein.org\\\/\",\"name\":\"ARV\",\"description\":\"Leben in einer sozialen Gemeinschaft mit Gleichgesinnten und Lebensqualit\u00e4t\",\"potentialAction\":[{\"@type\":\"SearchAction\",\"target\":{\"@type\":\"EntryPoint\",\"urlTemplate\":\"https:\\\/\\\/www.altersresidenzverein.org\\\/?s={search_term_string}\"},\"query-input\":{\"@type\":\"PropertyValueSpecification\",\"valueRequired\":true,\"valueName\":\"search_term_string\"}}],\"inLanguage\":\"de\"}]}<\/script>\n<!-- \/ Yoast SEO plugin. -->","yoast_head_json":{"title":"Bewohner einer Residenz - ARV","robots":{"index":"index","follow":"follow","max-snippet":"max-snippet:-1","max-image-preview":"max-image-preview:large","max-video-preview":"max-video-preview:-1"},"canonical":"https:\/\/www.altersresidenzverein.org\/index.php\/bewohner-einer-residenz\/","og_locale":"de_DE","og_type":"article","og_title":"Bewohner einer Residenz - ARV","og_description":"Mit Gleichgesinnten in einer sozialen Gemeinschaft leben Sie suchen Anschluss an eine soziale Wohngemeinschaft, die Ihnen bis ins hohe Alter hinein Lebensqualit\u00e4t bietet? Dann sind Sie hier richtig! Der Altersresidenzverein organisiert verschiedenste individuelle Wohnprojekte. Nicht&hellip;","og_url":"https:\/\/www.altersresidenzverein.org\/index.php\/bewohner-einer-residenz\/","og_site_name":"ARV","article_modified_time":"2018-09-26T10:58:13+00:00","twitter_card":"summary_large_image","twitter_misc":{"Gesch\u00e4tzte Lesezeit":"1\u00a0Minute"},"schema":{"@context":"https:\/\/schema.org","@graph":[{"@type":"WebPage","@id":"https:\/\/www.altersresidenzverein.org\/index.php\/bewohner-einer-residenz\/","url":"https:\/\/www.altersresidenzverein.org\/index.php\/bewohner-einer-residenz\/","name":"Bewohner einer Residenz - ARV","isPartOf":{"@id":"https:\/\/www.altersresidenzverein.org\/#website"},"datePublished":"2017-05-16T07:22:14+00:00","dateModified":"2018-09-26T10:58:13+00:00","breadcrumb":{"@id":"https:\/\/www.altersresidenzverein.org\/index.php\/bewohner-einer-residenz\/#breadcrumb"},"inLanguage":"de","potentialAction":[{"@type":"ReadAction","target":["https:\/\/www.altersresidenzverein.org\/index.php\/bewohner-einer-residenz\/"]}]},{"@type":"BreadcrumbList","@id":"https:\/\/www.altersresidenzverein.org\/index.php\/bewohner-einer-residenz\/#breadcrumb","itemListElement":[{"@type":"ListItem","position":1,"name":"Home","item":"https:\/\/www.altersresidenzverein.org\/"},{"@type":"ListItem","position":2,"name":"Bewohner einer Residenz"}]},{"@type":"WebSite","@id":"https:\/\/www.altersresidenzverein.org\/#website","url":"https:\/\/www.altersresidenzverein.org\/","name":"ARV","description":"Leben in einer sozialen Gemeinschaft mit Gleichgesinnten und Lebensqualit\u00e4t","potentialAction":[{"@type":"SearchAction","target":{"@type":"EntryPoint","urlTemplate":"https:\/\/www.altersresidenzverein.org\/?s={search_term_string}"},"query-input":{"@type":"PropertyValueSpecification","valueRequired":true,"valueName":"search_term_string"}}],"inLanguage":"de"}]}},"_links":{"self":[{"href":"https:\/\/www.altersresidenzverein.org\/index.php\/wp-json\/wp\/v2\/pages\/84","targetHints":{"allow":["GET"]}}],"collection":[{"href":"https:\/\/www.altersresidenzverein.org\/index.php\/wp-json\/wp\/v2\/pages"}],"about":[{"href":"https:\/\/www.altersresidenzverein.org\/index.php\/wp-json\/wp\/v2\/types\/page"}],"author":[{"embeddable":true,"href":"https:\/\/www.altersresidenzverein.org\/index.php\/wp-json\/wp\/v2\/users\/1"}],"replies":[{"embeddable":true,"href":"https:\/\/www.altersresidenzverein.org\/index.php\/wp-json\/wp\/v2\/comments?post=84"}],"version-history":[{"count":6,"href":"https:\/\/www.altersresidenzverein.org\/index.php\/wp-json\/wp\/v2\/pages\/84\/revisions"}],"predecessor-version":[{"id":164,"href":"https:\/\/www.altersresidenzverein.org\/index.php\/wp-json\/wp\/v2\/pages\/84\/revisions\/164"}],"wp:attachment":[{"href":"https:\/\/www.altersresidenzverein.org\/index.php\/wp-json\/wp\/v2\/media?parent=84"}],"curies":[{"name":"wp","href":"https:\/\/api.w.org\/{rel}","templated":true}]}}