{"id":37,"date":"2017-04-16T12:55:39","date_gmt":"2017-04-16T10:55:39","guid":{"rendered":"http:\/\/www.altersresidenzverein.org\/?page_id=37"},"modified":"2018-10-10T08:31:38","modified_gmt":"2018-10-10T06:31:38","slug":"taetigkeit","status":"publish","type":"page","link":"https:\/\/www.altersresidenzverein.org\/index.php\/taetigkeit\/","title":{"rendered":"\u00dcber uns"},"content":{"rendered":"<h1>T\u00e4tigkeiten des Altersresidenzvereins ARV<\/h1>\n<p><span style=\"font-size: 12pt;\">Der Altersresidenzverein \u00fcbernimmt alle Arten von Immobilien aus Spenden, Schenkungen und K\u00e4ufen. Diese Immobilien werden zu individuellen sozialen Wohnprojekten f\u00fcr Bewohner mit gleichen Vorstellungen von Lebensqualit\u00e4t.<\/span><\/p>\n<p><span style=\"font-size: 12pt;\">Der Altersresidenzverein \u00fcbernimmt die Planung und die handwerkliche Umsetzung. Alle T\u00e4tigkeiten werden vom Verein durchgef\u00fchrt. Damit ist die maximale Unterst\u00fctzung und Kontrolle sichergestellt.<\/span><\/p>\n<p><span style=\"font-size: 12pt;\">Der Altersresidenzverein \u00fcbernimmt auch die vollst\u00e4ndige Verwaltung jeden einzelnen Wohnprojektes. Sie k\u00f6nnen sich beruhigt zur\u00fccklehnen.<br \/>\n<\/span><\/p>\n<h2>Ziele des Altersresidenzvereins ARV<\/h2>\n<p><span style=\"font-size: 12pt;\">Selbstst\u00e4ndig und mit Selbstbestimmung alt werden. Mit Gleichgesinnten die eigenen Vorstellungen von Lebensqualit\u00e4t ausleben. Genau das soll mit dem Altersresidenzverein in den Vordergrund treten! <\/span><span style=\"font-size: 12pt;\">Eine gemeinschaftliche und soziale Wohnform f\u00fcrs Alter soll jedem Bewohner eine gesichterte Zukunft mit Lebensqualit\u00e4t bieten.<\/span><\/p>\n<p><span style=\"font-size: 12pt;\"> Die eigenen Vorstellungen leben. Ziel des Altersresidenzvereins ist die Selbstst\u00e4ndigkeit zu bewahren und mit Selbstbestimmung Alt zu werden.<\/span><br \/>\n<span style=\"font-size: 12pt;\"> Damit dies nicht nur ein Wunsch bleibt, ben\u00f6tigt die Vereinigung Altersresidenzvereins m\u00f6glichst viele Gleichgesinnte. In einer sozialen Gemeinschaft ist es m\u00f6glich, dass viele Menschen in eine sichere Zukunft mit Lebensqualit\u00e4t und Gleichgesinnten in einer sozialen Gemeinschaft leben k\u00f6nnen.<\/span><\/p>\n<h2>Gleichgesinnte finden<\/h2>\n<p><span style=\"font-size: 12pt;\">Wir w\u00fcnschen uns Menschen mit den selben Vorstellungen von Lebensqualit\u00e4t zusammen zu bringen.<br \/>\nWir k\u00f6nnen mit unseren Gedanken vieles beeinflussen. Nach dem Motto: \u00a0Was ich glaube, das werde ich!<\/span><br \/>\n<span style=\"font-size: 12pt;\"> Wir sind uns jetzt schon sicher, dass sich die richtigen Menschen beim Altersresidenzverein zusammen finden werden.<\/span><\/p>\n<h2>Eigene Vorstellungen umsetzen<\/h2>\n<p><span style=\"font-size: 12pt;\">Der sch\u00f6ne nach den eigenen Vorstellungen renovierte Wohnraum. Der Bewohner darf mitgestalten und sorgt so f\u00fcr den echten Wohlf\u00fchlfaktor.<\/span><br \/>\n<span style=\"font-size: 12pt;\"> Ein R\u00fcckzugsort der nach den eigenen Vorstellungen gestaltet ist, soll Ihre pers\u00f6nliche Oase des Friedens und des Auftankens sein.<\/span><\/p>\n<h2>Gemeinsame Unternehmungen<\/h2>\n<p><span style=\"font-size: 12pt;\">In einer sozialen Lebensgemeinschaft werden die Beziehungen untereinander auch mit gemeinsamen Unternehmungen gest\u00e4rkt. Diese Lebensfreuden machen nicht nur Spass, sondern schweissen die Gemeinschaft zusammen, sie halten auch den K\u00f6rper und den Geist fit!<\/span><\/p>\n<h2>Lebensqualit\u00e4t<\/h2>\n<p><span style=\"font-size: 12pt;\">Sie entscheiden was Ihnen wichtig ist und Ihnen zu mehr Lebensqualit\u00e4t beitr\u00e4gt. Haben Sie Freude an Wanderungen? Unternehmen Sie die Wanderung mit Gleichgesinnten und haben dadurch noch mehr Spass und Freude dabei.<\/span><br \/>\n<span style=\"font-size: 12pt;\"> Tanzen Sie gerne? Eventuell m\u00f6chten Sie auch Personen aus der \u00d6ffentlichkeit mit dabei haben? In einem Wohnprojekt mit Gleichgesinnten ist das kein Problem.<\/span><br \/>\n<span style=\"font-size: 12pt;\"> Sie k\u00f6nnen sich mit Gleichgesinnten aus anderen sozialen Wohnprojekten des Altersresidenzvereins treffen. Sie k\u00f6nnen z. B. gemeinsam Konzerte besuchen, zusammen Musik h\u00f6ren, eventuell gemeinsame Gesellschaftsspiele spielen oder nat\u00fcrlich ganz individuell nach Ihren gemeinsamen Vorstellungen die eigenen Unternehmungen durchf\u00fchren.<\/span><\/p>\n<h2>Erfahrung in der Umsetzung<\/h2>\n<p><span style=\"font-size: 12pt;\">Der Verein verf\u00fcgt \u00fcber sachkundige Handwerker mit Erfahrung und einer hochmodernen Verwaltungstechnik! <\/span><span style=\"font-size: 12pt;\">Dadurch wird die Planung und der Umbau g\u00fcnstiger und effizienter.<\/span><br \/>\n<span style=\"font-size: 12pt;\"> Der Altersresidenzverein steht f\u00fcr Lebensqualit\u00e4t und Sicherheit bis ins hohe Alter hinein!<\/span><\/p>\n","protected":false},"excerpt":{"rendered":"<p>T\u00e4tigkeiten des Altersresidenzvereins ARV Der Altersresidenzverein \u00fcbernimmt alle Arten von Immobilien aus Spenden, Schenkungen und K\u00e4ufen. Diese Immobilien werden zu individuellen sozialen Wohnprojekten f\u00fcr Bewohner mit gleichen Vorstellungen von Lebensqualit\u00e4t. Der Altersresidenzverein \u00fcbernimmt die Planung&hellip;<\/p>\n","protected":false},"author":1,"featured_media":0,"parent":0,"menu_order":0,"comment_status":"closed","ping_status":"closed","template":"","meta":{"footnotes":""},"class_list":["post-37","page","type-page","status-publish","hentry"],"yoast_head":"<!-- This site is optimized with the Yoast SEO plugin v27.5 - https:\/\/yoast.com\/product\/yoast-seo-wordpress\/ -->\n<title>\u00dcber uns - ARV<\/title>\n<meta name=\"robots\" content=\"index, follow, max-snippet:-1, max-image-preview:large, max-video-preview:-1\" \/>\n<link rel=\"canonical\" href=\"https:\/\/www.altersresidenzverein.org\/index.php\/taetigkeit\/\" \/>\n<meta property=\"og:locale\" content=\"de_DE\" \/>\n<meta property=\"og:type\" content=\"article\" \/>\n<meta property=\"og:title\" content=\"\u00dcber uns - ARV\" \/>\n<meta property=\"og:description\" content=\"T\u00e4tigkeiten des Altersresidenzvereins ARV Der Altersresidenzverein \u00fcbernimmt alle Arten von Immobilien aus Spenden, Schenkungen und K\u00e4ufen. Diese Immobilien werden zu individuellen sozialen Wohnprojekten f\u00fcr Bewohner mit gleichen Vorstellungen von Lebensqualit\u00e4t. Der Altersresidenzverein \u00fcbernimmt die Planung&hellip;\" \/>\n<meta property=\"og:url\" content=\"https:\/\/www.altersresidenzverein.org\/index.php\/taetigkeit\/\" \/>\n<meta property=\"og:site_name\" content=\"ARV\" \/>\n<meta property=\"article:modified_time\" content=\"2018-10-10T06:31:38+00:00\" \/>\n<meta name=\"twitter:card\" content=\"summary_large_image\" \/>\n<meta name=\"twitter:label1\" content=\"Gesch\u00e4tzte Lesezeit\" \/>\n\t<meta name=\"twitter:data1\" content=\"2\u00a0Minuten\" \/>\n<script type=\"application\/ld+json\" class=\"yoast-schema-graph\">{\"@context\":\"https:\\\/\\\/schema.org\",\"@graph\":[{\"@type\":\"WebPage\",\"@id\":\"https:\\\/\\\/www.altersresidenzverein.org\\\/index.php\\\/taetigkeit\\\/\",\"url\":\"https:\\\/\\\/www.altersresidenzverein.org\\\/index.php\\\/taetigkeit\\\/\",\"name\":\"\u00dcber uns - ARV\",\"isPartOf\":{\"@id\":\"https:\\\/\\\/www.altersresidenzverein.org\\\/#website\"},\"datePublished\":\"2017-04-16T10:55:39+00:00\",\"dateModified\":\"2018-10-10T06:31:38+00:00\",\"breadcrumb\":{\"@id\":\"https:\\\/\\\/www.altersresidenzverein.org\\\/index.php\\\/taetigkeit\\\/#breadcrumb\"},\"inLanguage\":\"de\",\"potentialAction\":[{\"@type\":\"ReadAction\",\"target\":[\"https:\\\/\\\/www.altersresidenzverein.org\\\/index.php\\\/taetigkeit\\\/\"]}]},{\"@type\":\"BreadcrumbList\",\"@id\":\"https:\\\/\\\/www.altersresidenzverein.org\\\/index.php\\\/taetigkeit\\\/#breadcrumb\",\"itemListElement\":[{\"@type\":\"ListItem\",\"position\":1,\"name\":\"Home\",\"item\":\"https:\\\/\\\/www.altersresidenzverein.org\\\/\"},{\"@type\":\"ListItem\",\"position\":2,\"name\":\"\u00dcber uns\"}]},{\"@type\":\"WebSite\",\"@id\":\"https:\\\/\\\/www.altersresidenzverein.org\\\/#website\",\"url\":\"https:\\\/\\\/www.altersresidenzverein.org\\\/\",\"name\":\"ARV\",\"description\":\"Leben in einer sozialen Gemeinschaft mit Gleichgesinnten und Lebensqualit\u00e4t\",\"potentialAction\":[{\"@type\":\"SearchAction\",\"target\":{\"@type\":\"EntryPoint\",\"urlTemplate\":\"https:\\\/\\\/www.altersresidenzverein.org\\\/?s={search_term_string}\"},\"query-input\":{\"@type\":\"PropertyValueSpecification\",\"valueRequired\":true,\"valueName\":\"search_term_string\"}}],\"inLanguage\":\"de\"}]}<\/script>\n<!-- \/ Yoast SEO plugin. -->","yoast_head_json":{"title":"\u00dcber uns - ARV","robots":{"index":"index","follow":"follow","max-snippet":"max-snippet:-1","max-image-preview":"max-image-preview:large","max-video-preview":"max-video-preview:-1"},"canonical":"https:\/\/www.altersresidenzverein.org\/index.php\/taetigkeit\/","og_locale":"de_DE","og_type":"article","og_title":"\u00dcber uns - ARV","og_description":"T\u00e4tigkeiten des Altersresidenzvereins ARV Der Altersresidenzverein \u00fcbernimmt alle Arten von Immobilien aus Spenden, Schenkungen und K\u00e4ufen. Diese Immobilien werden zu individuellen sozialen Wohnprojekten f\u00fcr Bewohner mit gleichen Vorstellungen von Lebensqualit\u00e4t. Der Altersresidenzverein \u00fcbernimmt die Planung&hellip;","og_url":"https:\/\/www.altersresidenzverein.org\/index.php\/taetigkeit\/","og_site_name":"ARV","article_modified_time":"2018-10-10T06:31:38+00:00","twitter_card":"summary_large_image","twitter_misc":{"Gesch\u00e4tzte Lesezeit":"2\u00a0Minuten"},"schema":{"@context":"https:\/\/schema.org","@graph":[{"@type":"WebPage","@id":"https:\/\/www.altersresidenzverein.org\/index.php\/taetigkeit\/","url":"https:\/\/www.altersresidenzverein.org\/index.php\/taetigkeit\/","name":"\u00dcber uns - ARV","isPartOf":{"@id":"https:\/\/www.altersresidenzverein.org\/#website"},"datePublished":"2017-04-16T10:55:39+00:00","dateModified":"2018-10-10T06:31:38+00:00","breadcrumb":{"@id":"https:\/\/www.altersresidenzverein.org\/index.php\/taetigkeit\/#breadcrumb"},"inLanguage":"de","potentialAction":[{"@type":"ReadAction","target":["https:\/\/www.altersresidenzverein.org\/index.php\/taetigkeit\/"]}]},{"@type":"BreadcrumbList","@id":"https:\/\/www.altersresidenzverein.org\/index.php\/taetigkeit\/#breadcrumb","itemListElement":[{"@type":"ListItem","position":1,"name":"Home","item":"https:\/\/www.altersresidenzverein.org\/"},{"@type":"ListItem","position":2,"name":"\u00dcber uns"}]},{"@type":"WebSite","@id":"https:\/\/www.altersresidenzverein.org\/#website","url":"https:\/\/www.altersresidenzverein.org\/","name":"ARV","description":"Leben in einer sozialen Gemeinschaft mit Gleichgesinnten und Lebensqualit\u00e4t","potentialAction":[{"@type":"SearchAction","target":{"@type":"EntryPoint","urlTemplate":"https:\/\/www.altersresidenzverein.org\/?s={search_term_string}"},"query-input":{"@type":"PropertyValueSpecification","valueRequired":true,"valueName":"search_term_string"}}],"inLanguage":"de"}]}},"_links":{"self":[{"href":"https:\/\/www.altersresidenzverein.org\/index.php\/wp-json\/wp\/v2\/pages\/37","targetHints":{"allow":["GET"]}}],"collection":[{"href":"https:\/\/www.altersresidenzverein.org\/index.php\/wp-json\/wp\/v2\/pages"}],"about":[{"href":"https:\/\/www.altersresidenzverein.org\/index.php\/wp-json\/wp\/v2\/types\/page"}],"author":[{"embeddable":true,"href":"https:\/\/www.altersresidenzverein.org\/index.php\/wp-json\/wp\/v2\/users\/1"}],"replies":[{"embeddable":true,"href":"https:\/\/www.altersresidenzverein.org\/index.php\/wp-json\/wp\/v2\/comments?post=37"}],"version-history":[{"count":16,"href":"https:\/\/www.altersresidenzverein.org\/index.php\/wp-json\/wp\/v2\/pages\/37\/revisions"}],"predecessor-version":[{"id":187,"href":"https:\/\/www.altersresidenzverein.org\/index.php\/wp-json\/wp\/v2\/pages\/37\/revisions\/187"}],"wp:attachment":[{"href":"https:\/\/www.altersresidenzverein.org\/index.php\/wp-json\/wp\/v2\/media?parent=37"}],"curies":[{"name":"wp","href":"https:\/\/api.w.org\/{rel}","templated":true}]}}